{"id":35125,"date":"2025-12-31T10:35:24","date_gmt":"2025-12-31T18:35:24","guid":{"rendered":"https:\/\/trielitemarketing.ca\/staging\/?page_id=35125"},"modified":"2026-01-22T22:52:45","modified_gmt":"2026-01-23T06:52:45","slug":"evenements","status":"publish","type":"page","link":"https:\/\/trielitemarketing.ca\/fr\/evenements\/","title":{"rendered":"\u00c9v\u00e9nements"},"content":{"rendered":"\t\t<div data-elementor-type=\"wp-page\" data-elementor-id=\"35125\" class=\"elementor elementor-35125\" data-elementor-settings=\"{&quot;ha_cmc_init_switcher&quot;:&quot;no&quot;}\" data-elementor-post-type=\"page\">\n\t\t\t\t<div class=\"elementor-element elementor-element-77b693e e-flex e-con-boxed e-con e-parent\" data-id=\"77b693e\" data-element_type=\"container\" data-e-type=\"container\" data-settings=\"{&quot;background_background&quot;:&quot;classic&quot;,&quot;_ha_eqh_enable&quot;:false}\">\n\t\t\t\t\t<div class=\"e-con-inner\">\n\t\t\t\t\t<\/div>\n\t\t\t\t<\/div>\n\t\t<div class=\"elementor-element elementor-element-8f7108c e-flex e-con-boxed e-con e-parent\" data-id=\"8f7108c\" data-element_type=\"container\" data-e-type=\"container\" data-settings=\"{&quot;background_background&quot;:&quot;gradient&quot;,&quot;_ha_eqh_enable&quot;:false}\">\n\t\t\t\t\t<div class=\"e-con-inner\">\n\t\t<div class=\"elementor-element elementor-element-047bb8c e-con-full e-flex e-con e-child\" data-id=\"047bb8c\" data-element_type=\"container\" data-e-type=\"container\" data-settings=\"{&quot;_ha_eqh_enable&quot;:false}\">\n\t\t<div class=\"elementor-element elementor-element-80d3ec1 e-con-full e-flex e-con e-child\" data-id=\"80d3ec1\" data-element_type=\"container\" data-e-type=\"container\" data-settings=\"{&quot;_ha_eqh_enable&quot;:false}\">\n\t\t<div class=\"elementor-element elementor-element-58acdfb e-con-full e-flex e-con e-child\" data-id=\"58acdfb\" data-element_type=\"container\" data-e-type=\"container\" data-settings=\"{&quot;_ha_eqh_enable&quot;:false}\">\n\t\t\t\t<div class=\"elementor-element elementor-element-65dcf57 elementor-widget elementor-widget-heading\" data-id=\"65dcf57\" data-element_type=\"widget\" data-e-type=\"widget\" data-widget_type=\"heading.default\">\n\t\t\t\t\t<h1 class=\"elementor-heading-title elementor-size-default\">\u00c9v\u00e9nements<\/h1>\t\t\t\t<\/div>\n\t\t\t\t<\/div>\n\t\t<div class=\"elementor-element elementor-element-e87cd1a e-con-full e-flex e-con e-child\" data-id=\"e87cd1a\" data-element_type=\"container\" data-e-type=\"container\" data-settings=\"{&quot;_ha_eqh_enable&quot;:false}\">\n\t\t\t\t<div class=\"elementor-element elementor-element-3e16fed elementor-widget elementor-widget-text-editor\" data-id=\"3e16fed\" data-element_type=\"widget\" data-e-type=\"widget\" data-widget_type=\"text-editor.default\">\n\t\t\t\t\t\t\t\t\t<h3>L\u2019assembl\u00e9e g\u00e9n\u00e9rale annuelle de Tri-Elite<\/h3><p>Nous choisissons avec soin des partenaires manufacturiers qui partagent nos valeurs et notre vision, afin de mettre leur marque en valeur de fa\u00e7on strat\u00e9gique et de b\u00e2tir ensemble un succ\u00e8s durable \u00e0 long terme.<\/p>\t\t\t\t\t\t\t\t<\/div>\n\t\t\t\t<\/div>\n\t\t\t\t<\/div>\n\t\t<div class=\"elementor-element elementor-element-c12d48a e-flex e-con-boxed e-con e-child\" data-id=\"c12d48a\" data-element_type=\"container\" data-e-type=\"container\" data-settings=\"{&quot;background_background&quot;:&quot;classic&quot;,&quot;_ha_eqh_enable&quot;:false}\">\n\t\t\t\t\t<div class=\"e-con-inner\">\n\t\t<div class=\"elementor-element elementor-element-07f280c e-con-full e-flex e-con e-child\" data-id=\"07f280c\" data-element_type=\"container\" data-e-type=\"container\" data-settings=\"{&quot;background_background&quot;:&quot;classic&quot;,&quot;_ha_eqh_enable&quot;:false}\">\n\t\t\t\t<div class=\"elementor-element elementor-element-188026c uael-ins-normal elementor-widget elementor-widget-uael-image-gallery\" data-id=\"188026c\" data-element_type=\"widget\" data-e-type=\"widget\" data-settings=\"{&quot;slides_to_show_mobile&quot;:1,&quot;column_gap&quot;:{&quot;unit&quot;:&quot;px&quot;,&quot;size&quot;:5,&quot;sizes&quot;:[]},&quot;slides_to_show&quot;:3,&quot;slides_to_show_tablet&quot;:2,&quot;slides_to_scroll&quot;:1,&quot;slides_to_scroll_tablet&quot;:1,&quot;slides_to_scroll_mobile&quot;:1,&quot;column_gap_widescreen&quot;:{&quot;unit&quot;:&quot;px&quot;,&quot;size&quot;:&quot;&quot;,&quot;sizes&quot;:[]},&quot;column_gap_laptop&quot;:{&quot;unit&quot;:&quot;px&quot;,&quot;size&quot;:&quot;&quot;,&quot;sizes&quot;:[]},&quot;column_gap_tablet_extra&quot;:{&quot;unit&quot;:&quot;px&quot;,&quot;size&quot;:&quot;&quot;,&quot;sizes&quot;:[]},&quot;column_gap_tablet&quot;:{&quot;unit&quot;:&quot;px&quot;,&quot;size&quot;:&quot;&quot;,&quot;sizes&quot;:[]},&quot;column_gap_mobile&quot;:{&quot;unit&quot;:&quot;px&quot;,&quot;size&quot;:&quot;&quot;,&quot;sizes&quot;:[]}}\" data-widget_type=\"uael-image-gallery.default\">\n\t\t\t\t<div class=\"elementor-widget-container\">\n\t\t\t\t\t<div class=\"uael-gallery-parent uael-caption- uael-gallery-unjustified\"><div data-image_carousel=\"{&quot;slidesToShow&quot;:3,&quot;slidesToScroll&quot;:1,&quot;autoplaySpeed&quot;:5000,&quot;autoplay&quot;:true,&quot;infinite&quot;:true,&quot;pauseOnHover&quot;:true,&quot;speed&quot;:500,&quot;arrows&quot;:false,&quot;dots&quot;:true,&quot;rtl&quot;:false,&quot;responsive&quot;:[{&quot;breakpoint&quot;:1024,&quot;settings&quot;:{&quot;slidesToShow&quot;:2,&quot;slidesToScroll&quot;:1}},{&quot;breakpoint&quot;:767,&quot;settings&quot;:{&quot;slidesToShow&quot;:1,&quot;slidesToScroll&quot;:1}}]}\" class=\"uael-img-gallery-wrap uael-img-carousel-wrap uael-nav-dots uael-image-lightbox-wrap\" data-filter-default=\"All\" data-lightbox_actions=\"[&quot;close&quot;]\" data-lightbox-gallery-loop=\"\"><div class=\"uael-grid-item  uael-img-gallery-item-10\"><div class=\"uael-grid-item-content\"><a class=\"uael-grid-img uael-grid-gallery-img uael-ins-hover elementor-clickable\" data-fancybox=\"uael-gallery\" href=\"https:\/\/trielitemarketing.ca\/fr\/wp-content\/uploads\/2026\/01\/agm-12.jpg\" data-elementor-open-lightbox=\"no\"><div class=\"uael-grid-img-thumbnail uael-ins-target\"><img fetchpriority=\"high\" decoding=\"async\" width=\"1000\" height=\"563\" src=\"https:\/\/trielitemarketing.ca\/fr\/wp-content\/uploads\/2026\/01\/agm-12.jpg\" class=\"attachment-full size-full wp-image-35410\" alt=\"\" srcset=\"https:\/\/trielitemarketing.ca\/fr\/wp-content\/uploads\/2026\/01\/agm-12.jpg 1000w, https:\/\/trielitemarketing.ca\/fr\/wp-content\/uploads\/2026\/01\/agm-12-300x169.jpg 300w, https:\/\/trielitemarketing.ca\/fr\/wp-content\/uploads\/2026\/01\/agm-12-768x432.jpg 768w\" sizes=\"(max-width: 1000px) 100vw, 1000px\" \/><\/div><div class=\"uael-grid-img-overlay\"><\/div><\/a><\/div><\/div><div class=\"uael-grid-item  uael-img-gallery-item-13\"><div class=\"uael-grid-item-content\"><a class=\"uael-grid-img uael-grid-gallery-img uael-ins-hover elementor-clickable\" data-fancybox=\"uael-gallery\" href=\"https:\/\/trielitemarketing.ca\/fr\/wp-content\/uploads\/2026\/01\/agm-15.jpg\" data-elementor-open-lightbox=\"no\"><div class=\"uael-grid-img-thumbnail uael-ins-target\"><img decoding=\"async\" width=\"1000\" height=\"563\" data-src=\"https:\/\/trielitemarketing.ca\/fr\/wp-content\/uploads\/2026\/01\/agm-15.jpg\" class=\"attachment-full size-full wp-image-35413 lazyload\" alt=\"\" data-srcset=\"https:\/\/trielitemarketing.ca\/fr\/wp-content\/uploads\/2026\/01\/agm-15.jpg 1000w, https:\/\/trielitemarketing.ca\/fr\/wp-content\/uploads\/2026\/01\/agm-15-300x169.jpg 300w, https:\/\/trielitemarketing.ca\/fr\/wp-content\/uploads\/2026\/01\/agm-15-768x432.jpg 768w\" data-sizes=\"(max-width: 1000px) 100vw, 1000px\" src=\"data:image\/svg+xml;base64,PHN2ZyB3aWR0aD0iMSIgaGVpZ2h0PSIxIiB4bWxucz0iaHR0cDovL3d3dy53My5vcmcvMjAwMC9zdmciPjwvc3ZnPg==\" style=\"--smush-placeholder-width: 1000px; --smush-placeholder-aspect-ratio: 1000\/563;\" \/><\/div><div class=\"uael-grid-img-overlay\"><\/div><\/a><\/div><\/div><div class=\"uael-grid-item  uael-img-gallery-item-2\"><div class=\"uael-grid-item-content\"><a class=\"uael-grid-img uael-grid-gallery-img uael-ins-hover elementor-clickable\" data-fancybox=\"uael-gallery\" href=\"https:\/\/trielitemarketing.ca\/fr\/wp-content\/uploads\/2026\/01\/agm-03.jpg\" data-elementor-open-lightbox=\"no\"><div class=\"uael-grid-img-thumbnail uael-ins-target\"><img decoding=\"async\" width=\"1000\" height=\"563\" data-src=\"https:\/\/trielitemarketing.ca\/fr\/wp-content\/uploads\/2026\/01\/agm-03.jpg\" class=\"attachment-full size-full wp-image-35401 lazyload\" alt=\"\" data-srcset=\"https:\/\/trielitemarketing.ca\/fr\/wp-content\/uploads\/2026\/01\/agm-03.jpg 1000w, https:\/\/trielitemarketing.ca\/fr\/wp-content\/uploads\/2026\/01\/agm-03-300x169.jpg 300w, https:\/\/trielitemarketing.ca\/fr\/wp-content\/uploads\/2026\/01\/agm-03-768x432.jpg 768w\" data-sizes=\"(max-width: 1000px) 100vw, 1000px\" src=\"data:image\/svg+xml;base64,PHN2ZyB3aWR0aD0iMSIgaGVpZ2h0PSIxIiB4bWxucz0iaHR0cDovL3d3dy53My5vcmcvMjAwMC9zdmciPjwvc3ZnPg==\" style=\"--smush-placeholder-width: 1000px; --smush-placeholder-aspect-ratio: 1000\/563;\" \/><\/div><div class=\"uael-grid-img-overlay\"><\/div><\/a><\/div><\/div><div class=\"uael-grid-item  uael-img-gallery-item-11\"><div class=\"uael-grid-item-content\"><a class=\"uael-grid-img uael-grid-gallery-img uael-ins-hover elementor-clickable\" data-fancybox=\"uael-gallery\" href=\"https:\/\/trielitemarketing.ca\/fr\/wp-content\/uploads\/2026\/01\/agm-13.jpg\" data-elementor-open-lightbox=\"no\"><div class=\"uael-grid-img-thumbnail uael-ins-target\"><img decoding=\"async\" width=\"1000\" height=\"563\" data-src=\"https:\/\/trielitemarketing.ca\/fr\/wp-content\/uploads\/2026\/01\/agm-13.jpg\" class=\"attachment-full size-full wp-image-35411 lazyload\" alt=\"\" data-srcset=\"https:\/\/trielitemarketing.ca\/fr\/wp-content\/uploads\/2026\/01\/agm-13.jpg 1000w, https:\/\/trielitemarketing.ca\/fr\/wp-content\/uploads\/2026\/01\/agm-13-300x169.jpg 300w, https:\/\/trielitemarketing.ca\/fr\/wp-content\/uploads\/2026\/01\/agm-13-768x432.jpg 768w\" data-sizes=\"(max-width: 1000px) 100vw, 1000px\" src=\"data:image\/svg+xml;base64,PHN2ZyB3aWR0aD0iMSIgaGVpZ2h0PSIxIiB4bWxucz0iaHR0cDovL3d3dy53My5vcmcvMjAwMC9zdmciPjwvc3ZnPg==\" style=\"--smush-placeholder-width: 1000px; --smush-placeholder-aspect-ratio: 1000\/563;\" \/><\/div><div class=\"uael-grid-img-overlay\"><\/div><\/a><\/div><\/div><div class=\"uael-grid-item  uael-img-gallery-item-9\"><div class=\"uael-grid-item-content\"><a class=\"uael-grid-img uael-grid-gallery-img uael-ins-hover elementor-clickable\" data-fancybox=\"uael-gallery\" href=\"https:\/\/trielitemarketing.ca\/fr\/wp-content\/uploads\/2026\/01\/agm-11.jpg\" data-elementor-open-lightbox=\"no\"><div class=\"uael-grid-img-thumbnail uael-ins-target\"><img decoding=\"async\" width=\"1000\" height=\"563\" data-src=\"https:\/\/trielitemarketing.ca\/fr\/wp-content\/uploads\/2026\/01\/agm-11.jpg\" class=\"attachment-full size-full wp-image-35409 lazyload\" alt=\"\" data-srcset=\"https:\/\/trielitemarketing.ca\/fr\/wp-content\/uploads\/2026\/01\/agm-11.jpg 1000w, https:\/\/trielitemarketing.ca\/fr\/wp-content\/uploads\/2026\/01\/agm-11-300x169.jpg 300w, https:\/\/trielitemarketing.ca\/fr\/wp-content\/uploads\/2026\/01\/agm-11-768x432.jpg 768w\" data-sizes=\"(max-width: 1000px) 100vw, 1000px\" src=\"data:image\/svg+xml;base64,PHN2ZyB3aWR0aD0iMSIgaGVpZ2h0PSIxIiB4bWxucz0iaHR0cDovL3d3dy53My5vcmcvMjAwMC9zdmciPjwvc3ZnPg==\" style=\"--smush-placeholder-width: 1000px; --smush-placeholder-aspect-ratio: 1000\/563;\" \/><\/div><div class=\"uael-grid-img-overlay\"><\/div><\/a><\/div><\/div><div class=\"uael-grid-item  uael-img-gallery-item-4\"><div class=\"uael-grid-item-content\"><a class=\"uael-grid-img uael-grid-gallery-img uael-ins-hover elementor-clickable\" data-fancybox=\"uael-gallery\" href=\"https:\/\/trielitemarketing.ca\/fr\/wp-content\/uploads\/2026\/01\/agm-06.jpg\" data-elementor-open-lightbox=\"no\"><div class=\"uael-grid-img-thumbnail uael-ins-target\"><img decoding=\"async\" width=\"1000\" height=\"563\" data-src=\"https:\/\/trielitemarketing.ca\/fr\/wp-content\/uploads\/2026\/01\/agm-06.jpg\" class=\"attachment-full size-full wp-image-35404 lazyload\" alt=\"\" data-srcset=\"https:\/\/trielitemarketing.ca\/fr\/wp-content\/uploads\/2026\/01\/agm-06.jpg 1000w, https:\/\/trielitemarketing.ca\/fr\/wp-content\/uploads\/2026\/01\/agm-06-300x169.jpg 300w, https:\/\/trielitemarketing.ca\/fr\/wp-content\/uploads\/2026\/01\/agm-06-768x432.jpg 768w\" data-sizes=\"(max-width: 1000px) 100vw, 1000px\" src=\"data:image\/svg+xml;base64,PHN2ZyB3aWR0aD0iMSIgaGVpZ2h0PSIxIiB4bWxucz0iaHR0cDovL3d3dy53My5vcmcvMjAwMC9zdmciPjwvc3ZnPg==\" style=\"--smush-placeholder-width: 1000px; --smush-placeholder-aspect-ratio: 1000\/563;\" \/><\/div><div class=\"uael-grid-img-overlay\"><\/div><\/a><\/div><\/div><div class=\"uael-grid-item  uael-img-gallery-item-12\"><div class=\"uael-grid-item-content\"><a class=\"uael-grid-img uael-grid-gallery-img uael-ins-hover elementor-clickable\" data-fancybox=\"uael-gallery\" href=\"https:\/\/trielitemarketing.ca\/fr\/wp-content\/uploads\/2026\/01\/agm-14.jpg\" data-elementor-open-lightbox=\"no\"><div class=\"uael-grid-img-thumbnail uael-ins-target\"><img decoding=\"async\" width=\"1000\" height=\"563\" data-src=\"https:\/\/trielitemarketing.ca\/fr\/wp-content\/uploads\/2026\/01\/agm-14.jpg\" class=\"attachment-full size-full wp-image-35412 lazyload\" alt=\"\" data-srcset=\"https:\/\/trielitemarketing.ca\/fr\/wp-content\/uploads\/2026\/01\/agm-14.jpg 1000w, https:\/\/trielitemarketing.ca\/fr\/wp-content\/uploads\/2026\/01\/agm-14-300x169.jpg 300w, https:\/\/trielitemarketing.ca\/fr\/wp-content\/uploads\/2026\/01\/agm-14-768x432.jpg 768w\" data-sizes=\"(max-width: 1000px) 100vw, 1000px\" src=\"data:image\/svg+xml;base64,PHN2ZyB3aWR0aD0iMSIgaGVpZ2h0PSIxIiB4bWxucz0iaHR0cDovL3d3dy53My5vcmcvMjAwMC9zdmciPjwvc3ZnPg==\" style=\"--smush-placeholder-width: 1000px; --smush-placeholder-aspect-ratio: 1000\/563;\" \/><\/div><div class=\"uael-grid-img-overlay\"><\/div><\/a><\/div><\/div><div class=\"uael-grid-item  uael-img-gallery-item-3\"><div class=\"uael-grid-item-content\"><a class=\"uael-grid-img uael-grid-gallery-img uael-ins-hover elementor-clickable\" data-fancybox=\"uael-gallery\" href=\"https:\/\/trielitemarketing.ca\/fr\/wp-content\/uploads\/2026\/01\/agm-05.jpg\" data-elementor-open-lightbox=\"no\"><div class=\"uael-grid-img-thumbnail uael-ins-target\"><img decoding=\"async\" width=\"1000\" height=\"563\" data-src=\"https:\/\/trielitemarketing.ca\/fr\/wp-content\/uploads\/2026\/01\/agm-05.jpg\" class=\"attachment-full size-full wp-image-35403 lazyload\" alt=\"\" data-srcset=\"https:\/\/trielitemarketing.ca\/fr\/wp-content\/uploads\/2026\/01\/agm-05.jpg 1000w, https:\/\/trielitemarketing.ca\/fr\/wp-content\/uploads\/2026\/01\/agm-05-300x169.jpg 300w, https:\/\/trielitemarketing.ca\/fr\/wp-content\/uploads\/2026\/01\/agm-05-768x432.jpg 768w\" data-sizes=\"(max-width: 1000px) 100vw, 1000px\" src=\"data:image\/svg+xml;base64,PHN2ZyB3aWR0aD0iMSIgaGVpZ2h0PSIxIiB4bWxucz0iaHR0cDovL3d3dy53My5vcmcvMjAwMC9zdmciPjwvc3ZnPg==\" style=\"--smush-placeholder-width: 1000px; --smush-placeholder-aspect-ratio: 1000\/563;\" \/><\/div><div class=\"uael-grid-img-overlay\"><\/div><\/a><\/div><\/div><div class=\"uael-grid-item  uael-img-gallery-item-6\"><div class=\"uael-grid-item-content\"><a class=\"uael-grid-img uael-grid-gallery-img uael-ins-hover elementor-clickable\" data-fancybox=\"uael-gallery\" href=\"https:\/\/trielitemarketing.ca\/fr\/wp-content\/uploads\/2026\/01\/agm-08.jpg\" data-elementor-open-lightbox=\"no\"><div class=\"uael-grid-img-thumbnail uael-ins-target\"><img decoding=\"async\" width=\"1000\" height=\"563\" data-src=\"https:\/\/trielitemarketing.ca\/fr\/wp-content\/uploads\/2026\/01\/agm-08.jpg\" class=\"attachment-full size-full wp-image-35406 lazyload\" alt=\"\" data-srcset=\"https:\/\/trielitemarketing.ca\/fr\/wp-content\/uploads\/2026\/01\/agm-08.jpg 1000w, https:\/\/trielitemarketing.ca\/fr\/wp-content\/uploads\/2026\/01\/agm-08-300x169.jpg 300w, https:\/\/trielitemarketing.ca\/fr\/wp-content\/uploads\/2026\/01\/agm-08-768x432.jpg 768w\" data-sizes=\"(max-width: 1000px) 100vw, 1000px\" src=\"data:image\/svg+xml;base64,PHN2ZyB3aWR0aD0iMSIgaGVpZ2h0PSIxIiB4bWxucz0iaHR0cDovL3d3dy53My5vcmcvMjAwMC9zdmciPjwvc3ZnPg==\" style=\"--smush-placeholder-width: 1000px; --smush-placeholder-aspect-ratio: 1000\/563;\" \/><\/div><div class=\"uael-grid-img-overlay\"><\/div><\/a><\/div><\/div><div class=\"uael-grid-item  uael-img-gallery-item-8\"><div class=\"uael-grid-item-content\"><a class=\"uael-grid-img uael-grid-gallery-img uael-ins-hover elementor-clickable\" data-fancybox=\"uael-gallery\" href=\"https:\/\/trielitemarketing.ca\/fr\/wp-content\/uploads\/2026\/01\/agm-10.jpg\" data-elementor-open-lightbox=\"no\"><div class=\"uael-grid-img-thumbnail uael-ins-target\"><img decoding=\"async\" width=\"1000\" height=\"563\" data-src=\"https:\/\/trielitemarketing.ca\/fr\/wp-content\/uploads\/2026\/01\/agm-10.jpg\" class=\"attachment-full size-full wp-image-35408 lazyload\" alt=\"\" data-srcset=\"https:\/\/trielitemarketing.ca\/fr\/wp-content\/uploads\/2026\/01\/agm-10.jpg 1000w, https:\/\/trielitemarketing.ca\/fr\/wp-content\/uploads\/2026\/01\/agm-10-300x169.jpg 300w, https:\/\/trielitemarketing.ca\/fr\/wp-content\/uploads\/2026\/01\/agm-10-768x432.jpg 768w\" data-sizes=\"(max-width: 1000px) 100vw, 1000px\" src=\"data:image\/svg+xml;base64,PHN2ZyB3aWR0aD0iMSIgaGVpZ2h0PSIxIiB4bWxucz0iaHR0cDovL3d3dy53My5vcmcvMjAwMC9zdmciPjwvc3ZnPg==\" style=\"--smush-placeholder-width: 1000px; --smush-placeholder-aspect-ratio: 1000\/563;\" \/><\/div><div class=\"uael-grid-img-overlay\"><\/div><\/a><\/div><\/div><div class=\"uael-grid-item  uael-img-gallery-item-7\"><div class=\"uael-grid-item-content\"><a class=\"uael-grid-img uael-grid-gallery-img uael-ins-hover elementor-clickable\" data-fancybox=\"uael-gallery\" href=\"https:\/\/trielitemarketing.ca\/fr\/wp-content\/uploads\/2026\/01\/agm-09.jpg\" data-elementor-open-lightbox=\"no\"><div class=\"uael-grid-img-thumbnail uael-ins-target\"><img decoding=\"async\" width=\"1000\" height=\"563\" data-src=\"https:\/\/trielitemarketing.ca\/fr\/wp-content\/uploads\/2026\/01\/agm-09.jpg\" class=\"attachment-full size-full wp-image-35407 lazyload\" alt=\"\" data-srcset=\"https:\/\/trielitemarketing.ca\/fr\/wp-content\/uploads\/2026\/01\/agm-09.jpg 1000w, https:\/\/trielitemarketing.ca\/fr\/wp-content\/uploads\/2026\/01\/agm-09-300x169.jpg 300w, https:\/\/trielitemarketing.ca\/fr\/wp-content\/uploads\/2026\/01\/agm-09-768x432.jpg 768w\" data-sizes=\"(max-width: 1000px) 100vw, 1000px\" src=\"data:image\/svg+xml;base64,PHN2ZyB3aWR0aD0iMSIgaGVpZ2h0PSIxIiB4bWxucz0iaHR0cDovL3d3dy53My5vcmcvMjAwMC9zdmciPjwvc3ZnPg==\" style=\"--smush-placeholder-width: 1000px; --smush-placeholder-aspect-ratio: 1000\/563;\" \/><\/div><div class=\"uael-grid-img-overlay\"><\/div><\/a><\/div><\/div><div class=\"uael-grid-item  uael-img-gallery-item-14\"><div class=\"uael-grid-item-content\"><a class=\"uael-grid-img uael-grid-gallery-img uael-ins-hover elementor-clickable\" data-fancybox=\"uael-gallery\" href=\"https:\/\/trielitemarketing.ca\/fr\/wp-content\/uploads\/2026\/01\/agm-02a.jpg\" data-elementor-open-lightbox=\"no\"><div class=\"uael-grid-img-thumbnail uael-ins-target\"><img decoding=\"async\" width=\"1000\" height=\"563\" data-src=\"https:\/\/trielitemarketing.ca\/fr\/wp-content\/uploads\/2026\/01\/agm-02a.jpg\" class=\"attachment-full size-full wp-image-35515 lazyload\" alt=\"\" data-srcset=\"https:\/\/trielitemarketing.ca\/fr\/wp-content\/uploads\/2026\/01\/agm-02a.jpg 1000w, https:\/\/trielitemarketing.ca\/fr\/wp-content\/uploads\/2026\/01\/agm-02a-300x169.jpg 300w, https:\/\/trielitemarketing.ca\/fr\/wp-content\/uploads\/2026\/01\/agm-02a-768x432.jpg 768w\" data-sizes=\"(max-width: 1000px) 100vw, 1000px\" src=\"data:image\/svg+xml;base64,PHN2ZyB3aWR0aD0iMSIgaGVpZ2h0PSIxIiB4bWxucz0iaHR0cDovL3d3dy53My5vcmcvMjAwMC9zdmciPjwvc3ZnPg==\" style=\"--smush-placeholder-width: 1000px; --smush-placeholder-aspect-ratio: 1000\/563;\" \/><\/div><div class=\"uael-grid-img-overlay\"><\/div><\/a><\/div><\/div><div class=\"uael-grid-item  uael-img-gallery-item-5\"><div class=\"uael-grid-item-content\"><a class=\"uael-grid-img uael-grid-gallery-img uael-ins-hover elementor-clickable\" data-fancybox=\"uael-gallery\" href=\"https:\/\/trielitemarketing.ca\/fr\/wp-content\/uploads\/2026\/01\/agm-07.jpg\" data-elementor-open-lightbox=\"no\"><div class=\"uael-grid-img-thumbnail uael-ins-target\"><img decoding=\"async\" width=\"1000\" height=\"563\" data-src=\"https:\/\/trielitemarketing.ca\/fr\/wp-content\/uploads\/2026\/01\/agm-07.jpg\" class=\"attachment-full size-full wp-image-35405 lazyload\" alt=\"\" data-srcset=\"https:\/\/trielitemarketing.ca\/fr\/wp-content\/uploads\/2026\/01\/agm-07.jpg 1000w, https:\/\/trielitemarketing.ca\/fr\/wp-content\/uploads\/2026\/01\/agm-07-300x169.jpg 300w, https:\/\/trielitemarketing.ca\/fr\/wp-content\/uploads\/2026\/01\/agm-07-768x432.jpg 768w\" data-sizes=\"(max-width: 1000px) 100vw, 1000px\" src=\"data:image\/svg+xml;base64,PHN2ZyB3aWR0aD0iMSIgaGVpZ2h0PSIxIiB4bWxucz0iaHR0cDovL3d3dy53My5vcmcvMjAwMC9zdmciPjwvc3ZnPg==\" style=\"--smush-placeholder-width: 1000px; --smush-placeholder-aspect-ratio: 1000\/563;\" \/><\/div><div class=\"uael-grid-img-overlay\"><\/div><\/a><\/div><\/div><div class=\"uael-grid-item  uael-img-gallery-item-1\"><div class=\"uael-grid-item-content\"><a class=\"uael-grid-img uael-grid-gallery-img uael-ins-hover elementor-clickable\" data-fancybox=\"uael-gallery\" href=\"https:\/\/trielitemarketing.ca\/fr\/wp-content\/uploads\/2026\/01\/agm-01.jpg\" data-elementor-open-lightbox=\"no\"><div class=\"uael-grid-img-thumbnail uael-ins-target\"><img decoding=\"async\" width=\"1000\" height=\"563\" data-src=\"https:\/\/trielitemarketing.ca\/fr\/wp-content\/uploads\/2026\/01\/agm-01.jpg\" class=\"attachment-full size-full wp-image-35399 lazyload\" alt=\"\" data-srcset=\"https:\/\/trielitemarketing.ca\/fr\/wp-content\/uploads\/2026\/01\/agm-01.jpg 1000w, https:\/\/trielitemarketing.ca\/fr\/wp-content\/uploads\/2026\/01\/agm-01-300x169.jpg 300w, https:\/\/trielitemarketing.ca\/fr\/wp-content\/uploads\/2026\/01\/agm-01-768x432.jpg 768w\" data-sizes=\"(max-width: 1000px) 100vw, 1000px\" src=\"data:image\/svg+xml;base64,PHN2ZyB3aWR0aD0iMSIgaGVpZ2h0PSIxIiB4bWxucz0iaHR0cDovL3d3dy53My5vcmcvMjAwMC9zdmciPjwvc3ZnPg==\" style=\"--smush-placeholder-width: 1000px; --smush-placeholder-aspect-ratio: 1000\/563;\" \/><\/div><div class=\"uael-grid-img-overlay\"><\/div><\/a><\/div><\/div><\/div><\/div>\t\t\t\t<\/div>\n\t\t\t\t<\/div>\n\t\t\t\t<\/div>\n\t\t\t\t\t<\/div>\n\t\t\t\t<\/div>\n\t\t\t\t<\/div>\n\t\t\t\t\t<\/div>\n\t\t\t\t<\/div>\n\t\t\t\t<\/div>\n\t\t","protected":false},"excerpt":{"rendered":"<p>\u00c9v\u00e9nements L\u2019assembl\u00e9e g\u00e9n\u00e9rale annuelle de Tri-Elite Nous choisissons avec soin des partenaires manufacturiers qui partagent nos valeurs et notre vision, afin de mettre leur marque en valeur de fa\u00e7on strat\u00e9gique et de b\u00e2tir ensemble un succ\u00e8s durable \u00e0 long terme.<\/p>\n","protected":false},"author":2,"featured_media":0,"parent":0,"menu_order":0,"comment_status":"closed","ping_status":"closed","template":"","meta":{"site-sidebar-layout":"no-sidebar","site-content-layout":"page-builder","ast-site-content-layout":"full-width-container","site-content-style":"unboxed","site-sidebar-style":"unboxed","ast-global-header-display":"","ast-banner-title-visibility":"","ast-main-header-display":"","ast-hfb-above-header-display":"","ast-hfb-below-header-display":"","ast-hfb-mobile-header-display":"","site-post-title":"disabled","ast-breadcrumbs-content":"","ast-featured-img":"disabled","footer-sml-layout":"","ast-disable-related-posts":"","theme-transparent-header-meta":"enabled","adv-header-id-meta":"","stick-header-meta":"","header-above-stick-meta":"","header-main-stick-meta":"","header-below-stick-meta":"","astra-migrate-meta-layouts":"set","ast-page-background-enabled":"default","ast-page-background-meta":{"desktop":{"background-color":"","background-image":"","background-repeat":"repeat","background-position":"center center","background-size":"auto","background-attachment":"scroll","background-type":"","background-media":"","overlay-type":"","overlay-color":"","overlay-opacity":"","overlay-gradient":""},"tablet":{"background-color":"","background-image":"","background-repeat":"repeat","background-position":"center center","background-size":"auto","background-attachment":"scroll","background-type":"","background-media":"","overlay-type":"","overlay-color":"","overlay-opacity":"","overlay-gradient":""},"mobile":{"background-color":"","background-image":"","background-repeat":"repeat","background-position":"center center","background-size":"auto","background-attachment":"scroll","background-type":"","background-media":"","overlay-type":"","overlay-color":"","overlay-opacity":"","overlay-gradient":""}},"ast-content-background-meta":{"desktop":{"background-color":"var(--ast-global-color-5)","background-image":"","background-repeat":"repeat","background-position":"center center","background-size":"auto","background-attachment":"scroll","background-type":"","background-media":"","overlay-type":"","overlay-color":"","overlay-opacity":"","overlay-gradient":""},"tablet":{"background-color":"var(--ast-global-color-5)","background-image":"","background-repeat":"repeat","background-position":"center center","background-size":"auto","background-attachment":"scroll","background-type":"","background-media":"","overlay-type":"","overlay-color":"","overlay-opacity":"","overlay-gradient":""},"mobile":{"background-color":"var(--ast-global-color-5)","background-image":"","background-repeat":"repeat","background-position":"center center","background-size":"auto","background-attachment":"scroll","background-type":"","background-media":"","overlay-type":"","overlay-color":"","overlay-opacity":"","overlay-gradient":""}},"footnotes":""},"class_list":["post-35125","page","type-page","status-publish","hentry"],"_links":{"self":[{"href":"https:\/\/trielitemarketing.ca\/fr\/wp-json\/wp\/v2\/pages\/35125","targetHints":{"allow":["GET"]}}],"collection":[{"href":"https:\/\/trielitemarketing.ca\/fr\/wp-json\/wp\/v2\/pages"}],"about":[{"href":"https:\/\/trielitemarketing.ca\/fr\/wp-json\/wp\/v2\/types\/page"}],"author":[{"embeddable":true,"href":"https:\/\/trielitemarketing.ca\/fr\/wp-json\/wp\/v2\/users\/2"}],"replies":[{"embeddable":true,"href":"https:\/\/trielitemarketing.ca\/fr\/wp-json\/wp\/v2\/comments?post=35125"}],"version-history":[{"count":5,"href":"https:\/\/trielitemarketing.ca\/fr\/wp-json\/wp\/v2\/pages\/35125\/revisions"}],"predecessor-version":[{"id":35684,"href":"https:\/\/trielitemarketing.ca\/fr\/wp-json\/wp\/v2\/pages\/35125\/revisions\/35684"}],"wp:attachment":[{"href":"https:\/\/trielitemarketing.ca\/fr\/wp-json\/wp\/v2\/media?parent=35125"}],"curies":[{"name":"wp","href":"https:\/\/api.w.org\/{rel}","templated":true}]}}